{"id":646,"date":"2018-06-08T09:36:23","date_gmt":"2018-06-08T09:36:23","guid":{"rendered":"https:\/\/asaplap.org\/students\/"},"modified":"2019-09-30T15:27:50","modified_gmt":"2019-09-30T15:27:50","slug":"students","status":"publish","type":"page","link":"https:\/\/asaplap.org\/fr\/students\/","title":{"rendered":"Les \u00e9tudiants"},"content":{"rendered":"<p>[et_pb_section fb_built=\u00a0\u00bb1&Prime; _builder_version=\u00a0\u00bb3.22.3&Prime;][et_pb_row _builder_version=\u00a0\u00bb3.23.3&Prime; background_image=\u00a0\u00bbhttp:\/\/asaplap.org\/wp-content\/uploads\/2019\/07\/P1040065small.jpg\u00a0\u00bb min_height=\u00a0\u00bb429px\u00a0\u00bb][et_pb_column type=\u00a0\u00bb4_4&Prime; _builder_version=\u00a0\u00bb3.23.3&Prime;][et_pb_post_title meta=\u00a0\u00bboff\u00a0\u00bb featured_image=\u00a0\u00bboff\u00a0\u00bb _builder_version=\u00a0\u00bb3.23.3&Prime; title_level=\u00a0\u00bbh2&Prime; title_font=\u00a0\u00bb|700||on|||||\u00a0\u00bb title_text_align=\u00a0\u00bbcenter\u00a0\u00bb title_text_color=\u00a0\u00bb#ffffff\u00a0\u00bb title_font_size=\u00a0\u00bb58px\u00a0\u00bb min_height=\u00a0\u00bb133px\u00a0\u00bb custom_padding=\u00a0\u00bb9px|||||\u00a0\u00bb saved_tabs=\u00a0\u00bball\u00a0\u00bb][\/et_pb_post_title][\/et_pb_column][\/et_pb_row][et_pb_row _builder_version=\u00a0\u00bb3.23.3&Prime;][et_pb_column type=\u00a0\u00bb2_3&Prime; _builder_version=\u00a0\u00bb3.23.3&Prime;][et_pb_text _builder_version=\u00a0\u00bb3.23.3&Prime;]<\/p>\n<h2>Programme d&rsquo;\u00e9tudes<\/h2>\n<ul>\n<li><em><strong>Premier cycle:<\/strong><\/em> le programme des quatre premi\u00e8res ann\u00e9es suit un programme d&rsquo;\u00e9tudes g\u00e9n\u00e9rales conduisant \u00e0 un examen national appel\u00e9 BEPC. Parall\u00e8lement, pendant les trois premi\u00e8res ann\u00e9es, les \u00e9tudiants suivent des cours d&rsquo;agronomie et d&rsquo;\u00e9levage menant \u00e0 un examen interne le CAL (Certificat Agricole du LAP)<\/li>\n<li><em><strong>Deuxi\u00e8me cycle:<\/strong><\/em> c&rsquo;est aussi un programme de 4 ans<br \/> \u00c0 la fin de la deuxi\u00e8me ann\u00e9e du deuxi\u00e8me cycle, les \u00e9l\u00e8ves passent le BEP Agricole. \u00c0 la fin de la quatri\u00e8me ann\u00e9e, ils passent le Baccalaur\u00e9at \u00ab\u00a0Professionnel Agricole\u00a0\u00bb.<\/li>\n<\/ul>\n<p>Apr\u00e8s les \u00e9tudes au LAP, les \u00e9tudiants peuvent chercher du travail, cr\u00e9er leur propre entreprise ou poursuivre leurs \u00e9tudes \u00e0 l&rsquo;universit\u00e9.<\/p>\n<p>Pour les \u00e9tudes d\u2019agronomie, le LAP dispose de 4 potagers, d&rsquo;un verger d&rsquo;arbres fruitiers et de 12 hectares de terres cultivables. Pour les \u00e9tudes d&rsquo;\u00e9levage, le LAP a une porcherie, des poulaillers, un poulailler de poules pondeuses, une \u00e9table, des clapiers \u00e0 lapins, des ruches.<\/p>\n<p>[\/et_pb_text][\/et_pb_column][et_pb_column type=\u00a0\u00bb1_3&Prime; _builder_version=\u00a0\u00bb3.23.3&Prime;][et_pb_image src=\u00a0\u00bbhttp:\/\/asaplap.org\/wp-content\/uploads\/2019\/07\/4th-year.jpg\u00a0\u00bb _builder_version=\u00a0\u00bb3.23.3&Prime;][\/et_pb_image][\/et_pb_column][\/et_pb_row][\/et_pb_section][et_pb_section fb_built=\u00a0\u00bb1&Prime; _builder_version=\u00a0\u00bb3.23.3&Prime; background_color=\u00a0\u00bb#f5f5f5&Prime;][et_pb_row _builder_version=\u00a0\u00bb3.23.3&Prime;][et_pb_column type=\u00a0\u00bb1_3&Prime; _builder_version=\u00a0\u00bb3.23.3&Prime;][et_pb_image src=\u00a0\u00bbhttp:\/\/asaplap.org\/wp-content\/uploads\/2019\/07\/test-for-the-lap-Nefrelaye.jpg\u00a0\u00bb _builder_version=\u00a0\u00bb3.23.3&Prime;][\/et_pb_image][\/et_pb_column][et_pb_column type=\u00a0\u00bb2_3&Prime; _builder_version=\u00a0\u00bb3.23.3&Prime;][et_pb_text _builder_version=\u00a0\u00bb3.23.3&Prime;]<\/p>\n<h2>S\u00e9lection des \u00e9tudiants<\/h2>\n<p>Pour le premier cycle d&rsquo;\u00e9tudes, les \u00e9tudiants sont s\u00e9lectionn\u00e9s via un test. Les candidats \u00e2g\u00e9s de moins de 14 ans doivent avoir r\u00e9ussi leur dipl\u00f4me d&rsquo;\u00e9tudes primaires et avoir \u00e9tudi\u00e9 dans l&rsquo;un des 12 villages o\u00f9 l&rsquo;ASAP est active.<\/p>\n<p>Chaque ann\u00e9e, nous s\u00e9lectionnons environ 60 \u00e9tudiants pour le premier cycle.<\/p>\n<p>Pour le deuxi\u00e8me cycle, les \u00e9tudiants du LAP ayant r\u00e9ussi \u00e0 l&rsquo;examen de 4\u00e8me ann\u00e9e appel\u00e9 BEPC ont priorit\u00e9. Si nous avons besoin de plus d\u2019\u00e9l\u00e8ves, les candidats des villages \u00e9galement ayant leur BEPC et \u00e2g\u00e9s de moins de 19 ans sont s\u00e9lectionn\u00e9s via un test.<\/p>\n<p>[\/et_pb_text][\/et_pb_column][\/et_pb_row][\/et_pb_section][et_pb_section fb_built=\u00a0\u00bb1&Prime; _builder_version=\u00a0\u00bb3.23.3&Prime;][et_pb_row _builder_version=\u00a0\u00bb3.23.3&Prime;][et_pb_column type=\u00a0\u00bb2_3&Prime; _builder_version=\u00a0\u00bb3.23.3&Prime;][et_pb_text _builder_version=\u00a0\u00bb3.23.3&Prime;]<\/p>\n<h2>Conditions de vie des \u00e9tudiants<\/h2>\n<p>Les \u00e9tudiants vivent dans des dortoirs pour gar\u00e7ons ou filles dans des campus s\u00e9par\u00e9s. Ils sont entre 12 et 16 par chambre. Ils ont l&rsquo;\u00e9lectricit\u00e9 entre 18 et 22 heures tous les jours. Il y a aussi de l&rsquo;eau courante disponible.<\/p>\n<p>Les \u00e9tudiants sont autoris\u00e9s \u00e0 rentrer chez eux une fois par mois s&rsquo;ils le souhaitent. Sinon, ils retourneront dans leur famille une fois par trimestre.<\/p>\n<p>[\/et_pb_text][\/et_pb_column][et_pb_column type=\u00a0\u00bb1_3&Prime; _builder_version=\u00a0\u00bb3.23.3&Prime;][et_pb_image src=\u00a0\u00bbhttp:\/\/asaplap.org\/wp-content\/uploads\/2019\/07\/DSC_0009.jpg\u00a0\u00bb _builder_version=\u00a0\u00bb3.23.3&Prime;][\/et_pb_image][\/et_pb_column][\/et_pb_row][\/et_pb_section][et_pb_section fb_built=\u00a0\u00bb1&Prime; _builder_version=\u00a0\u00bb3.23.3&Prime; background_color=\u00a0\u00bb#f5f5f5&Prime;][et_pb_row _builder_version=\u00a0\u00bb3.23.3&Prime;][et_pb_column type=\u00a0\u00bb1_3&Prime; _builder_version=\u00a0\u00bb3.23.3&Prime;][et_pb_image src=\u00a0\u00bbhttp:\/\/asaplap.org\/wp-content\/uploads\/2019\/07\/football-team-Copy.jpg\u00a0\u00bb _builder_version=\u00a0\u00bb3.23.3&Prime;][\/et_pb_image][et_pb_image src=\u00a0\u00bbhttp:\/\/asaplap.org\/wp-content\/uploads\/2019\/04\/lap-foyers.jpg\u00a0\u00bb _builder_version=\u00a0\u00bb3.23.3&Prime;][\/et_pb_image][et_pb_image src=\u00a0\u00bbhttp:\/\/asaplap.org\/wp-content\/uploads\/2019\/07\/knitting.jpg\u00a0\u00bb _builder_version=\u00a0\u00bb3.23.3&Prime;][\/et_pb_image][\/et_pb_column][et_pb_column type=\u00a0\u00bb2_3&Prime; _builder_version=\u00a0\u00bb3.23.3&Prime;][et_pb_text _builder_version=\u00a0\u00bb3.23.3&Prime;]<\/p>\n<h2>Activit\u00e9s r\u00e9cr\u00e9atives<\/h2>\n<p>Il y a un terrain de football, de volleyball et de badminton. Beaucoup de jeux de soci\u00e9t\u00e9 diff\u00e9rents sont disponibles et les \u00e9tudiants font du tricot, de la couture et du dessin.<\/p>\n<p>[\/et_pb_text][\/et_pb_column][\/et_pb_row][\/et_pb_section]<\/p>\n","protected":false},"excerpt":{"rendered":"<p>Programme d&rsquo;\u00e9tudes Premier cycle: le programme des quatre premi\u00e8res ann\u00e9es suit un programme d&rsquo;\u00e9tudes g\u00e9n\u00e9rales conduisant \u00e0 un examen national appel\u00e9 BEPC. Parall\u00e8lement, pendant les trois premi\u00e8res ann\u00e9es, les \u00e9tudiants suivent des cours d&rsquo;agronomie et d&rsquo;\u00e9levage menant \u00e0 un examen interne le CAL (Certificat Agricole du LAP) Deuxi\u00e8me cycle: c&rsquo;est aussi un programme de 4 [&hellip;]<\/p>\n","protected":false},"author":4,"featured_media":0,"parent":0,"menu_order":0,"comment_status":"closed","ping_status":"closed","template":"","meta":{"_et_pb_use_builder":"on","_et_pb_old_content":"","_et_gb_content_width":"","footnotes":"","_links_to":"","_links_to_target":""},"class_list":["post-646","page","type-page","status-publish","hentry"],"_links":{"self":[{"href":"https:\/\/asaplap.org\/fr\/wp-json\/wp\/v2\/pages\/646","targetHints":{"allow":["GET"]}}],"collection":[{"href":"https:\/\/asaplap.org\/fr\/wp-json\/wp\/v2\/pages"}],"about":[{"href":"https:\/\/asaplap.org\/fr\/wp-json\/wp\/v2\/types\/page"}],"author":[{"embeddable":true,"href":"https:\/\/asaplap.org\/fr\/wp-json\/wp\/v2\/users\/4"}],"replies":[{"embeddable":true,"href":"https:\/\/asaplap.org\/fr\/wp-json\/wp\/v2\/comments?post=646"}],"version-history":[{"count":4,"href":"https:\/\/asaplap.org\/fr\/wp-json\/wp\/v2\/pages\/646\/revisions"}],"predecessor-version":[{"id":653,"href":"https:\/\/asaplap.org\/fr\/wp-json\/wp\/v2\/pages\/646\/revisions\/653"}],"wp:attachment":[{"href":"https:\/\/asaplap.org\/fr\/wp-json\/wp\/v2\/media?parent=646"}],"curies":[{"name":"wp","href":"https:\/\/api.w.org\/{rel}","templated":true}]}}